{"id":639,"date":"2023-05-29T07:31:09","date_gmt":"2023-05-29T07:31:09","guid":{"rendered":"https:\/\/www.idenxt.com\/?page_id=639"},"modified":"2026-01-21T00:26:41","modified_gmt":"2026-01-21T00:26:41","slug":"faqs","status":"publish","type":"page","link":"https:\/\/www.idenxt.com\/sv\/faqs\/","title":{"rendered":"FAQs"},"content":{"rendered":"<p>[vc_row el_class=&#8221;banner row-container&#8221; css=&#8221;.vc_custom_1729241724604{background-image: url(https:\/\/www.idenxt.com\/sv\/wp-content\/uploads\/2024\/10\/abouts-us-banner.jpg?id=1296) !important;background-position: center !important;background-repeat: no-repeat !important;background-size: cover !important;}&#8221;][vc_column css_animation=&#8221;right-to-left&#8221; width=&#8221;1\/2&#8243; el_class=&#8221;right-pic&#8221;][vc_single_image image=&#8221;1297&#8243; img_size=&#8221;full&#8221; alignment=&#8221;right&#8221; el_class=&#8221;m-visible&#8221;][\/vc_column][vc_column css_animation=&#8221;bottom-to-top&#8221; width=&#8221;1\/2&#8243; el_class=&#8221;text&#8221;][vc_column_text]<\/p>\n<h1>Svar p\u00e5 vanliga fr\u00e5gor om Idenxt-partnerskapet.<\/h1>\n<p>[\/vc_column_text][\/vc_column][\/vc_row][vc_section el_class=&#8221;main-content inner-content&#8221;][vc_row el_class=&#8221;row-container&#8221;][vc_column css_animation=&#8221;bottom-to-top&#8221; el_class=&#8221;top-text&#8221;][vc_column_text el_class=&#8221;text&#8221;]<\/p>\n<h2>Hur \u00f6kar ett Idenxt-partnerskapet min \u00e5terkommande int\u00e4kt (MRR)?<\/h2>\n<p>Genom att addera Azure-drifttj\u00e4nster till de kunder du redan s\u00e4ljer Azure-prenumerationer till.<\/p>\n<h2>Vad kostar det att bli och f\u00f6rbli partner?<\/h2>\n<p>Ingenting. Vi tar bara betalt om du f\u00e5r betalt.<\/p>\n<h2>Vad kr\u00e4vs f\u00f6r att bli Idenxt-partner?<\/h2>\n<p>Ett Microsoft Partner ID. F\u00f6r att s\u00e4lja Azure m\u00e5ste du vara Microsoft Partner. Det \u00e4r det enda kravet vi st\u00e4ller.<\/p>\n<h2>Vilka Idenxt-tj\u00e4nster kan jag erbjuda mina kunder?<\/h2>\n<p>Alla Azure-kunder beh\u00f6ver n\u00e5gon som sk\u00f6ter Azure-driften. De beh\u00f6ver ocks\u00e5 n\u00e5gon som \u00f6vervakar och hanterar applikationerna i Azure. Idenxt kan sk\u00f6ta b\u00e5da delarna genom tj\u00e4nsterna Managed Azure Essentials, Zero-Touch Azure Operations, Mission-Critical Application Protection och AI Operations.<\/p>\n<h2>Hur kan Idenxt minska mina kunders totala kostnader f\u00f6r IT-drift och support?<\/h2>\n<p>Dina kunders genomsnittliga besparing (innan din egen marginal) f\u00f6r 10 virtuella maskiner \u00e4r ca 73%. Den genomsnittliga besparingen f\u00f6r 100 virtuella maskiner \u00e4r ca 53%.<\/p>\n<h2>Vad beh\u00f6ver jag g\u00f6ra efter att jag s\u00e5lt en Idenxt-tj\u00e4nst till min kund?<\/h2>\n<p>Din enda uppgift \u00e4r att forts\u00e4tta uppr\u00e4tth\u00e5lla kundkontakten. Idenxt ansluter direkt till din kunds n\u00e4tverk och alla tj\u00e4nster levereras av Idenxt. Du f\u00e5r rapporter, varningar, rekommendationer och annan information om dina kunder fr\u00e5n Idenxt enligt ett fastst\u00e4llt schema, s\u00e5 att du alltid \u00e4r fullt uppdaterad om det v\u00e4rde dina kunder f\u00e5r ut av sina Azure-investeringar.<\/p>\n<h2>Beh\u00f6ver mitt team teknisk utbildning?<\/h2>\n<p>Eftersom du och ditt team inte beh\u00f6ver g\u00f6ra n\u00e5gonting, beh\u00f6vs ingen utbildning ut\u00f6ver kanske viss s\u00e4ljutbildning, som vi alltid tillhandah\u00e5ller som en del av v\u00e5r omfattande f\u00f6rs\u00e4ljningssupport d\u00e4r vi hj\u00e4lper dig att avsluta aff\u00e4rer.<\/p>\n<h2>Vem \u00e4ger kundrelationen?<\/h2>\n<p>Du. Precis som med CSP-licenser och tj\u00e4nster har du ett avtalsf\u00f6rh\u00e5llande och ansvarar f\u00f6r priss\u00e4ttning och fakturering, s\u00e5vida du inte vill att vi ska sk\u00f6ta det och betala dig en m\u00e5natlig provision.<\/p>\n<h2>Hur l\u00e5nga \u00e4r avtalen?<\/h2>\n<p>Du och dina kunder kan avsluta avtalet n\u00e4r som helst med 30 dagars upps\u00e4gningstid. Vi arbetar f\u00f6r att tillfredsst\u00e4lla v\u00e5ra partners och deras kunder, och vi anser att l\u00e5nga fler\u00e5riga avtal inte beh\u00f6vs om man har n\u00f6jda kunder.<\/p>\n<h2>Hur levererar jag Idenxt-tj\u00e4nster till mina kunder?<\/h2>\n<p>Det g\u00f6r du inte. Idenxt levereras helt och h\u00e5llet som en tj\u00e4nst. Idenxt f\u00e5r n\u00f6dv\u00e4ndig anslutningsinformation fr\u00e5n dig och ansluter direkt till din kunds Azure-milj\u00f6.[\/vc_column_text][\/vc_column][\/vc_row][\/vc_section]<\/p>\n","protected":false},"excerpt":{"rendered":"<p>[vc_row el_class=&#8221;banner row-container&#8221; css=&#8221;.vc_custom_1729241724604{background-image: url(https:\/\/www.idenxt.com\/sv\/wp-content\/uploads\/2024\/10\/abouts-us-banner.jpg?id=1296) !important;background-position: center !important;background-repeat: no-repeat !important;background-size: cover !important;}&#8221;][vc_column css_animation=&#8221;right-to-left&#8221; width=&#8221;1\/2&#8243; el_class=&#8221;right-pic&#8221;][vc_single_image image=&#8221;1297&#8243; img_size=&#8221;full&#8221; alignment=&#8221;right&#8221; el_class=&#8221;m-visible&#8221;][\/vc_column][vc_column css_animation=&#8221;bottom-to-top&#8221; width=&#8221;1\/2&#8243; el_class=&#8221;text&#8221;][vc_column_text] Svar p\u00e5 vanliga fr\u00e5gor om Idenxt-partnerskapet. [\/vc_column_text][\/vc_column][\/vc_row][vc_section el_class=&#8221;main-content inner-content&#8221;][vc_row el_class=&#8221;row-container&#8221;][vc_column css_animation=&#8221;bottom-to-top&#8221; el_class=&#8221;top-text&#8221;][vc_column_text el_class=&#8221;text&#8221;] Hur \u00f6kar ett Idenxt-partnerskapet min \u00e5terkommande int\u00e4kt (MRR)? Genom att addera Azure-drifttj\u00e4nster till de kunder du redan s\u00e4ljer Azure-prenumerationer till. &hellip;<\/p>\n<p class=\"read-more\"> <a class=\"\" href=\"https:\/\/www.idenxt.com\/sv\/faqs\/\"> <span class=\"screen-reader-text\">FAQs<\/span> Read More &raquo;<\/a><\/p>\n","protected":false},"author":1,"featured_media":0,"parent":0,"menu_order":0,"comment_status":"closed","ping_status":"closed","template":"","meta":{"site-sidebar-layout":"no-sidebar","site-content-layout":"plain-container","ast-main-header-display":"","ast-hfb-above-header-display":"","ast-hfb-below-header-display":"","ast-hfb-mobile-header-display":"","site-post-title":"disabled","ast-breadcrumbs-content":"","ast-featured-img":"disabled","footer-sml-layout":"","theme-transparent-header-meta":"default","adv-header-id-meta":"","stick-header-meta":"","header-above-stick-meta":"","header-main-stick-meta":"","header-below-stick-meta":"","footnotes":""},"yoast_head":"<!-- This site is optimized with the Yoast SEO plugin v22.8 - https:\/\/yoast.com\/wordpress\/plugins\/seo\/ -->\n<title>Idenxt partner FAQs - l\u00e4ra k\u00e4nna v\u00e5ra partnertj\u00e4nster<\/title>\n<meta name=\"description\" content=\"Finn svar p\u00e5 vanliga fr\u00e5gor om Idenxts partnertj\u00e4nster.\" \/>\n<meta name=\"robots\" content=\"index, follow, max-snippet:-1, max-image-preview:large, max-video-preview:-1\" \/>\n<link rel=\"canonical\" href=\"https:\/\/www.idenxt.com\/sv\/faqs\/\" \/>\n<meta property=\"og:locale\" content=\"en_US\" \/>\n<meta property=\"og:type\" content=\"article\" \/>\n<meta property=\"og:title\" content=\"Idenxt partner FAQs - l\u00e4ra k\u00e4nna v\u00e5ra partnertj\u00e4nster\" \/>\n<meta property=\"og:description\" content=\"Finn svar p\u00e5 vanliga fr\u00e5gor om Idenxts partnertj\u00e4nster.\" \/>\n<meta property=\"og:url\" content=\"https:\/\/www.idenxt.com\/sv\/faqs\/\" \/>\n<meta property=\"og:site_name\" content=\"Idenxt\" \/>\n<meta property=\"article:modified_time\" content=\"2026-01-21T00:26:41+00:00\" \/>\n<meta name=\"twitter:card\" content=\"summary_large_image\" \/>\n<meta name=\"twitter:label1\" content=\"Est. reading time\" \/>\n\t<meta name=\"twitter:data1\" content=\"2 minutes\" \/>\n<!-- \/ Yoast SEO plugin. -->","yoast_head_json":{"title":"Idenxt partner FAQs - l\u00e4ra k\u00e4nna v\u00e5ra partnertj\u00e4nster","description":"Finn svar p\u00e5 vanliga fr\u00e5gor om Idenxts partnertj\u00e4nster.","robots":{"index":"index","follow":"follow","max-snippet":"max-snippet:-1","max-image-preview":"max-image-preview:large","max-video-preview":"max-video-preview:-1"},"canonical":"https:\/\/www.idenxt.com\/sv\/faqs\/","og_locale":"en_US","og_type":"article","og_title":"Idenxt partner FAQs - l\u00e4ra k\u00e4nna v\u00e5ra partnertj\u00e4nster","og_description":"Finn svar p\u00e5 vanliga fr\u00e5gor om Idenxts partnertj\u00e4nster.","og_url":"https:\/\/www.idenxt.com\/sv\/faqs\/","og_site_name":"Idenxt","article_modified_time":"2026-01-21T00:26:41+00:00","twitter_card":"summary_large_image","twitter_misc":{"Est. reading time":"2 minutes"},"schema":{"@context":"https:\/\/schema.org","@graph":[{"@type":"WebPage","@id":"https:\/\/www.idenxt.com\/sv\/faqs\/","url":"https:\/\/www.idenxt.com\/sv\/faqs\/","name":"Idenxt partner FAQs - l\u00e4ra k\u00e4nna v\u00e5ra partnertj\u00e4nster","isPartOf":{"@id":"https:\/\/www.idenxt.com\/sv\/#website"},"datePublished":"2023-05-29T07:31:09+00:00","dateModified":"2026-01-21T00:26:41+00:00","description":"Finn svar p\u00e5 vanliga fr\u00e5gor om Idenxts partnertj\u00e4nster.","breadcrumb":{"@id":"https:\/\/www.idenxt.com\/sv\/faqs\/#breadcrumb"},"inLanguage":"en-US","potentialAction":[{"@type":"ReadAction","target":["https:\/\/www.idenxt.com\/sv\/faqs\/"]}]},{"@type":"BreadcrumbList","@id":"https:\/\/www.idenxt.com\/sv\/faqs\/#breadcrumb","itemListElement":[{"@type":"ListItem","position":1,"name":"Home","item":"https:\/\/www.idenxt.com\/sv\/"},{"@type":"ListItem","position":2,"name":"FAQs"}]},{"@type":"WebSite","@id":"https:\/\/www.idenxt.com\/sv\/#website","url":"https:\/\/www.idenxt.com\/sv\/","name":"Idenxt","description":"","publisher":{"@id":"https:\/\/www.idenxt.com\/sv\/#organization"},"potentialAction":[{"@type":"SearchAction","target":{"@type":"EntryPoint","urlTemplate":"https:\/\/www.idenxt.com\/sv\/?s={search_term_string}"},"query-input":"required name=search_term_string"}],"inLanguage":"en-US"},{"@type":"Organization","@id":"https:\/\/www.idenxt.com\/sv\/#organization","name":"Idenxt","url":"https:\/\/www.idenxt.com\/sv\/","logo":{"@type":"ImageObject","inLanguage":"en-US","@id":"https:\/\/www.idenxt.com\/sv\/#\/schema\/logo\/image\/","url":"https:\/\/www.idenxt.com\/sv\/wp-content\/uploads\/2024\/10\/logo.png","contentUrl":"https:\/\/www.idenxt.com\/sv\/wp-content\/uploads\/2024\/10\/logo.png","width":300,"height":76,"caption":"Idenxt"},"image":{"@id":"https:\/\/www.idenxt.com\/sv\/#\/schema\/logo\/image\/"}}]}},"rttpg_featured_image_url":null,"rttpg_author":{"display_name":"admin","author_link":"https:\/\/www.idenxt.com\/sv\/author\/admin\/"},"rttpg_comment":0,"rttpg_category":null,"rttpg_excerpt":"[vc_row el_class=&#8221;banner row-container&#8221; css=&#8221;.vc_custom_1729241724604{background-image: url(https:\/\/www.idenxt.com\/sv\/wp-content\/uploads\/2024\/10\/abouts-us-banner.jpg?id=1296) !important;background-position: center !important;background-repeat: no-repeat !important;background-size: cover !important;}&#8221;][vc_column css_animation=&#8221;right-to-left&#8221; width=&#8221;1\/2&#8243; el_class=&#8221;right-pic&#8221;][vc_single_image image=&#8221;1297&#8243; img_size=&#8221;full&#8221; alignment=&#8221;right&#8221; el_class=&#8221;m-visible&#8221;][\/vc_column][vc_column css_animation=&#8221;bottom-to-top&#8221; width=&#8221;1\/2&#8243; el_class=&#8221;text&#8221;][vc_column_text] Svar p\u00e5 vanliga fr\u00e5gor om Idenxt-partnerskapet. [\/vc_column_text][\/vc_column][\/vc_row][vc_section el_class=&#8221;main-content inner-content&#8221;][vc_row el_class=&#8221;row-container&#8221;][vc_column css_animation=&#8221;bottom-to-top&#8221; el_class=&#8221;top-text&#8221;][vc_column_text el_class=&#8221;text&#8221;] Hur \u00f6kar ett Idenxt-partnerskapet min \u00e5terkommande int\u00e4kt (MRR)? Genom att addera Azure-drifttj\u00e4nster till de kunder du redan s\u00e4ljer Azure-prenumerationer till.&hellip;","_links":{"self":[{"href":"https:\/\/www.idenxt.com\/sv\/wp-json\/wp\/v2\/pages\/639"}],"collection":[{"href":"https:\/\/www.idenxt.com\/sv\/wp-json\/wp\/v2\/pages"}],"about":[{"href":"https:\/\/www.idenxt.com\/sv\/wp-json\/wp\/v2\/types\/page"}],"author":[{"embeddable":true,"href":"https:\/\/www.idenxt.com\/sv\/wp-json\/wp\/v2\/users\/1"}],"replies":[{"embeddable":true,"href":"https:\/\/www.idenxt.com\/sv\/wp-json\/wp\/v2\/comments?post=639"}],"version-history":[{"count":8,"href":"https:\/\/www.idenxt.com\/sv\/wp-json\/wp\/v2\/pages\/639\/revisions"}],"predecessor-version":[{"id":1821,"href":"https:\/\/www.idenxt.com\/sv\/wp-json\/wp\/v2\/pages\/639\/revisions\/1821"}],"wp:attachment":[{"href":"https:\/\/www.idenxt.com\/sv\/wp-json\/wp\/v2\/media?parent=639"}],"curies":[{"name":"wp","href":"https:\/\/api.w.org\/{rel}","templated":true}]}}