{"id":1732,"date":"2025-05-14T04:33:48","date_gmt":"2025-05-14T04:33:48","guid":{"rendered":"https:\/\/www.idenxt.com\/sv\/?page_id=1732"},"modified":"2026-01-09T08:53:07","modified_gmt":"2026-01-09T08:53:07","slug":"ai-operations","status":"publish","type":"page","link":"https:\/\/www.idenxt.com\/sv\/ai-operations\/","title":{"rendered":"AI Operations"},"content":{"rendered":"<p>[vc_row el_class=&#8221;banner row-container&#8221; css=&#8221;.vc_custom_1743423582529{background-image: url(https:\/\/www.idenxt.com\/wp-content\/uploads\/2025\/03\/idenxt-ai-protection-banner.jpg?id=1745) !important;background-position: center !important;background-repeat: no-repeat !important;background-size: cover !important;}&#8221;][vc_column css_animation=&#8221;bottom-to-top&#8221; width=&#8221;1\/2&#8243; el_class=&#8221;right-pic&#8221;][vc_single_image image=&#8221;1746&#8243; img_size=&#8221;full&#8221; alignment=&#8221;right&#8221; el_class=&#8221;m-visible&#8221;][\/vc_column][vc_column css_animation=&#8221;right-to-left&#8221; width=&#8221;1\/2&#8243; el_class=&#8221;text&#8221;][vc_column_text]<\/p>\n<h1>En helt\u00e4ckande tj\u00e4nst f\u00f6r dina AI-system<\/h1>\n<p>Drifta, hantera och s\u00e4kra dina AI-l\u00f6sningar med en enda, helt\u00e4ckande skyddstj\u00e4nst.<\/p>\n<p>[\/vc_column_text][vc_btn title=&#8221;F\u00e5 en kostnadsfri analys och ett business case&#8221; css_animation=&#8221;none&#8221; el_class=&#8221;green-btn&#8221; link=&#8221;url:%23analysisForm|title:Learn%20More||&#8221;][\/vc_column][\/vc_row][vc_section el_class=&#8221;main-content&#8221;][vc_row full_width=&#8221;stretch_row_content_no_spaces&#8221; el_class=&#8221;ban-f-bg&#8221;][vc_column css_animation=&#8221;fadeInUp&#8221;][vc_row_inner][vc_column_inner][vc_column_text css_animation=&#8221;none&#8221;]<img loading=\"lazy\" decoding=\"async\" class=\"\" src=\"https:\/\/www.idenxt.com\/wp-content\/uploads\/2024\/09\/banner-f-bg.png\" width=\"84\" height=\"35\" \/>[\/vc_column_text][\/vc_column_inner][\/vc_row_inner][\/vc_column][\/vc_row][vc_row el_class=&#8221;h-top-blocks row-container&#8221;][vc_column css_animation=&#8221;fadeInUp&#8221;][vc_row_inner el_class=&#8221;block-row&#8221;][vc_column_inner el_class=&#8221;pic&#8221; width=&#8221;5\/12&#8243;][vc_single_image image=&#8221;1736&#8243; img_size=&#8221;full&#8221; css_animation=&#8221;none&#8221;][\/vc_column_inner][vc_column_inner el_class=&#8221;text&#8221; width=&#8221;7\/12&#8243;][vc_column_text css_animation=&#8221;none&#8221;]<\/p>\n<h2 class=\"title\">Hantera, s\u00e4kra och skala AI med peace of mind<\/h2>\n<p>Att investera i en AI-l\u00f6sning \u00e4r bara b\u00f6rjan &#8211; den m\u00e5ste h\u00e5llas optimerad, skyddad och drifts\u00e4ker utan att \u00f6verbelasta ditt IT-team. Och fram till nu har AI inneburit os\u00e4kerhet kring hur den l\u00f6pande driften sk\u00f6ts.<\/p>\n<p>Med 24\/7\/365-\u00f6vervakning, proaktivt skydd, prestandajusteringar och realtidshantering utan att du beh\u00f6ver t\u00e4nka p\u00e5 l\u00f6pande underh\u00e5ll \u00e4r Idenxt AI Operations utformat f\u00f6r total peace of mind.[\/vc_column_text][vc_single_image image=&#8221;1735&#8243; img_size=&#8221;full&#8221; css_animation=&#8221;none&#8221; el_class=&#8221;cloud-icon two&#8221;][\/vc_column_inner][\/vc_row_inner][\/vc_column][\/vc_row][vc_row css_animation=&#8221;fadeInUp&#8221; el_class=&#8221;h-top-blocks row-container box-blocks protection&#8221;][vc_column css=&#8221;.vc_custom_1650812425994{margin: 0px !important;border-width: 0px !important;padding: 0px !important;}&#8221;][vc_column_text css_animation=&#8221;none&#8221;]<\/p>\n<h2 class=\"title\" style=\"text-align: center;\">Idenxt AI Operations inkluderar:<\/h2>\n<p>[\/vc_column_text][vc_row_inner gap=&#8221;35&#8243; el_class=&#8221;blocks&#8221;][vc_column_inner el_class=&#8221;block&#8221; width=&#8221;1\/2&#8243;][vc_column_text css_animation=&#8221;none&#8221; el_class=&#8221;bg&#8221;]<img decoding=\"async\" src=\"https:\/\/www.idenxt.com\/wp-content\/uploads\/2024\/09\/mcap-icon1.png\" \/><\/p>\n<h3 class=\"title\">\u00d6vervakning och support 24\/7<\/h3>\n<ul>\n<li>Kontinuerlig \u00f6vervakning av AI-systemen f\u00f6r att s\u00e4kerst\u00e4lla l\u00f6pande drift och att eventuella problem \u00e5tg\u00e4rdas omedelbart.<\/li>\n<\/ul>\n<p>[\/vc_column_text][\/vc_column_inner][vc_column_inner el_class=&#8221;block&#8221; width=&#8221;1\/2&#8243;][vc_column_text css_animation=&#8221;none&#8221; el_class=&#8221;bg&#8221;]<img decoding=\"async\" src=\"https:\/\/www.idenxt.com\/wp-content\/uploads\/2024\/09\/mcap-icon2.png\" \/><\/p>\n<h3 class=\"title\">Proaktivt underh\u00e5ll<\/h3>\n<ul>\n<li>Regelbundna uppdateringar och underh\u00e5ll f\u00f6r att h\u00e5lla AI-systemen optimerade och s\u00e4kra.<\/li>\n<\/ul>\n<p>[\/vc_column_text][\/vc_column_inner][\/vc_row_inner][vc_row_inner gap=&#8221;35&#8243; el_class=&#8221;blocks&#8221;][vc_column_inner el_class=&#8221;block&#8221; width=&#8221;1\/2&#8243;][vc_column_text css_animation=&#8221;none&#8221; el_class=&#8221;bg&#8221;]<img decoding=\"async\" src=\"https:\/\/www.idenxt.com\/wp-content\/uploads\/2024\/09\/mcap-icon3.png\" \/><\/p>\n<h3 class=\"title\">Prestandajusteringar<\/h3>\n<ul>\n<li>Finjustering av AI-modeller och algoritmer f\u00f6r att s\u00e4kerst\u00e4lla att de fungerar p\u00e5 b\u00e4sta s\u00e4tt.<\/li>\n<\/ul>\n<p>[\/vc_column_text][\/vc_column_inner][vc_column_inner el_class=&#8221;block&#8221; width=&#8221;1\/2&#8243;][vc_column_text css_animation=&#8221;none&#8221; el_class=&#8221;bg&#8221;]<img decoding=\"async\" src=\"https:\/\/www.idenxt.com\/wp-content\/uploads\/2024\/09\/mcap-icon4.png\" \/><\/p>\n<h3 class=\"title\">Skalbarhetshantering<\/h3>\n<ul>\n<li>Resursjustering efter behov f\u00f6r att hantera varierande arbetsbelastningar utan att kompromissa med prestandan.<\/li>\n<\/ul>\n<p>[\/vc_column_text][\/vc_column_inner][\/vc_row_inner][vc_row_inner gap=&#8221;35&#8243; el_class=&#8221;blocks&#8221;][vc_column_inner el_class=&#8221;block&#8221; width=&#8221;1\/2&#8243;][vc_column_text css_animation=&#8221;none&#8221; el_class=&#8221;bg&#8221;]<img decoding=\"async\" src=\"https:\/\/www.idenxt.com\/wp-content\/uploads\/2024\/09\/mcap-icon5.png\" \/><\/p>\n<h3 class=\"title\">S\u00e4kerhetshantering<\/h3>\n<ul>\n<li>Implementering och uppdatering av s\u00e4kerhets\u00e5tg\u00e4rder f\u00f6r att skydda AI-system fr\u00e5n hot.<\/li>\n<\/ul>\n<p>[\/vc_column_text][\/vc_column_inner][vc_column_inner el_class=&#8221;block&#8221; width=&#8221;1\/2&#8243;][vc_column_text css_animation=&#8221;none&#8221; el_class=&#8221;bg&#8221;]<img decoding=\"async\" src=\"https:\/\/www.idenxt.com\/wp-content\/uploads\/2024\/09\/mcap-icon6.png\" \/><\/p>\n<h3 class=\"title\">Data Management and Governance<\/h3>\n<ul>\n<li>S\u00e4kerst\u00e4lla dataintegritet, kvalitet och regelefterlevnad.<\/li>\n<\/ul>\n<p>[\/vc_column_text][\/vc_column_inner][\/vc_row_inner][vc_row_inner gap=&#8221;35&#8243; el_class=&#8221;blocks&#8221;][vc_column_inner el_class=&#8221;block&#8221; width=&#8221;1\/2&#8243;][vc_column_text css_animation=&#8221;none&#8221; el_class=&#8221;bg&#8221;]<img decoding=\"async\" src=\"https:\/\/www.idenxt.com\/wp-content\/uploads\/2024\/09\/mcap-icon7.png\" \/><\/p>\n<h3 class=\"title\">Incidenthantering<\/h3>\n<ul>\n<li>Snabb hantering och l\u00f6sning av alla problem som uppst\u00e5r f\u00f6r att minimera driftstopp.<\/li>\n<\/ul>\n<p>[\/vc_column_text][\/vc_column_inner][vc_column_inner el_class=&#8221;block&#8221; width=&#8221;1\/2&#8243;][vc_column_text css_animation=&#8221;none&#8221; el_class=&#8221;bg&#8221;]<img decoding=\"async\" src=\"https:\/\/www.idenxt.com\/wp-content\/uploads\/2024\/09\/mcap-icon8.png\" \/><\/p>\n<h3 class=\"title\">Rapportering och analys<\/h3>\n<ul>\n<li>Regelbundna rapporter om systemets prestanda och insikter som underlag f\u00f6r aff\u00e4rsbeslut.<\/li>\n<\/ul>\n<p>[\/vc_column_text][\/vc_column_inner][\/vc_row_inner][\/vc_column][\/vc_row][vc_row css_animation=&#8221;fadeInUp&#8221; el_class=&#8221;h-top-blocks row-container box-blocks plans&#8221;][vc_column css=&#8221;.vc_custom_1650812425994{margin: 0px !important;border-width: 0px !important;padding: 0px !important;}&#8221;][vc_row_inner gap=&#8221;35&#8243; el_class=&#8221;blocks&#8221;][vc_column_inner el_class=&#8221;head&#8221; width=&#8221;1\/2&#8243;][vc_single_image image=&#8221;1735&#8243; img_size=&#8221;full&#8221; css_animation=&#8221;none&#8221; el_class=&#8221;cloud-icon two&#8221;][vc_column_text css_animation=&#8221;none&#8221; el_class=&#8221;text&#8221;]<\/p>\n<h2 class=\"title\">Fullt skydd med flexibel priss\u00e4ttning<\/h2>\n<p>Alla ovann\u00e4mnda tj\u00e4nster ing\u00e5r, och priserna b\u00f6rjar p\u00e5 400 USD per m\u00e5nad (och anpassas efter dina behov).[\/vc_column_text][\/vc_column_inner][vc_column_inner el_class=&#8221;block&#8221; width=&#8221;1\/2&#8243;][vc_column_text css_animation=&#8221;none&#8221; el_class=&#8221;pic&#8221;]<img decoding=\"async\" src=\"https:\/\/www.idenxt.com\/wp-content\/uploads\/2025\/04\/ai-protection-plan.jpg\" \/>[\/vc_column_text][vc_column_text css_animation=&#8221;none&#8221; el_class=&#8221;bg&#8221;]<\/p>\n<h3 class=\"title\">Basplan <span class=\"price\">4 000 kr\/m\u00e5n<\/span><\/h3>\n<ul>\n<li>Omfattar upp till 3 AI-komponenter och 100 anst\u00e4llda.<\/li>\n<li>Ytterligare AI-komponenter: 1 000 kr\/komponent\/m\u00e5nad.<\/li>\n<li>F\u00f6retag med \u00f6ver 100 anst\u00e4llda: 10 kr extra\/anst\u00e4lld\/m\u00e5nad.<\/li>\n<\/ul>\n<p>[\/vc_column_text][\/vc_column_inner][\/vc_row_inner][\/vc_column][\/vc_row][vc_row el_class=&#8221;h-top-blocks row-container&#8221;][vc_column css_animation=&#8221;fadeInUp&#8221;][vc_row_inner el_class=&#8221;block-row&#8221;][vc_column_inner el_class=&#8221;pic&#8221; width=&#8221;5\/12&#8243;][vc_single_image image=&#8221;1734&#8243; img_size=&#8221;full&#8221; css_animation=&#8221;none&#8221;][\/vc_column_inner][vc_column_inner el_class=&#8221;text&#8221; width=&#8221;7\/12&#8243;][vc_column_text css_animation=&#8221;none&#8221;]<\/p>\n<h2 class=\"title\">AI-skydd i Azure 24\/7<\/h2>\n<p>Azure \u00e4r en molntj\u00e4nst i v\u00e4rldsklass fr\u00e5n Microsoft. Idenxt l\u00e4gger till experthantering som ett lager f\u00f6r att skydda AI-system.<\/p>\n<ul>\n<li>Utnyttja den v\u00e4rldsledande Azure-plattformen i kombination med AI, de b\u00e4sta Microsoft-hanteringsverktygen och de b\u00e4sta metoderna ( finslipade under \u00e5rtionden)<\/li>\n<li>Vi tar hand om driften av dina AI-system oavsett om de beh\u00f6ver migreras till molnet eller om de redan finns d\u00e4r<\/li>\n<\/ul>\n<h3 class=\"title\" style=\"margin-top: 25px;\"><strong>Byggd p\u00e5 Microsoft-teknik &#8211; inga tredjepartskomponenter<\/strong><\/h3>\n<p>Idenxt AI Operations bygger p\u00e5 Microsoft-teknik och utnyttjar endast integrerade komponenter fr\u00e5n Microsoft som en del av tj\u00e4nsten. Du kan vara s\u00e4ker p\u00e5 att ingen programvara fr\u00e5n tredje part installeras och att endast programvara som godk\u00e4nts av Microsoft anv\u00e4nds i kundmilj\u00f6er.[\/vc_column_text][vc_single_image image=&#8221;1738&#8243; img_size=&#8221;full&#8221; css_animation=&#8221;none&#8221; el_class=&#8221;cloud-icon three&#8221;][\/vc_column_inner][\/vc_row_inner][\/vc_column][\/vc_row][vc_row css_animation=&#8221;fadeInUp&#8221; el_class=&#8221;h-top-blocks row-container box-blocks bottom p-t-none&#8221;][vc_column css=&#8221;.vc_custom_1650812425994{margin: 0px !important;border-width: 0px !important;padding: 0px !important;}&#8221;][vc_column_text css_animation=&#8221;none&#8221;]<\/p>\n<h2 class=\"title\" style=\"text-align: center;\">Varf\u00f6r Idenxt?<\/h2>\n<p>[\/vc_column_text][vc_row_inner gap=&#8221;35&#8243; el_class=&#8221;blocks&#8221;][vc_column_inner el_class=&#8221;block&#8221; width=&#8221;1\/2&#8243;][vc_column_text css_animation=&#8221;none&#8221; el_class=&#8221;bg&#8221;]<img decoding=\"async\" src=\"https:\/\/www.idenxt.com\/wp-content\/uploads\/2024\/09\/why-idenxt-icon1.png\" \/><\/p>\n<h3 class=\"title\">Ingen risk<\/h3>\n<p>Du skyddas av ett f\u00f6rstklassig SLA och du kan s\u00e4ga upp din prenumeration med endast 30 dagars upps\u00e4gningstid.[\/vc_column_text][\/vc_column_inner][vc_column_inner el_class=&#8221;block&#8221; width=&#8221;1\/2&#8243;][vc_column_text css_animation=&#8221;none&#8221; el_class=&#8221;bg&#8221;]<img decoding=\"async\" src=\"https:\/\/www.idenxt.com\/wp-content\/uploads\/2024\/09\/why-idenxt-icon2.png\" \/><\/p>\n<h3 class=\"title\">Erfarenhet<\/h3>\n<p>Erfarenhet: med \u00e5rtionden av erfarenhet av att hantera och s\u00e4kra applikationer \u00e4r Idenxt AI Operations en naturlig f\u00f6rl\u00e4ngning i en ny era.[\/vc_column_text][\/vc_column_inner][\/vc_row_inner][\/vc_column][\/vc_row][vc_row css_animation=&#8221;fadeInUp&#8221; el_class=&#8221;row-container enquiry-block&#8221;][vc_column css=&#8221;.vc_custom_1650812425994{margin: 0px !important;border-width: 0px !important;padding: 0px !important;}&#8221;][vc_column_text css_animation=&#8221;none&#8221;]<!-- Widget Shortcode --><div id=\"custom_html-16\" class=\"widget_text widget widget_custom_html widget-shortcode area-cs-11 \"><div class=\"textwidget custom-html-widget\"><div class=\"container\" id=\"analysisForm\">\r\n\t<div class=\"text\">\r\n\t\t<h2 class=\"title\" style=\"text-align: center;\">F\u00e5 en kostnadsfri analys av din AI-drift och j\u00e4mf\u00f6r<\/h2>\r\n\t<p>Idenxt erbjuder en kostnadsfri analys och business case som beslutsunderlag f\u00f6r s\u00e4krare AI-drift. Om du sedan v\u00e4ljer att skydda din AI med oss kan du sova gott med v\u00e4rldens f\u00f6rsta SleepWell-SLA.<\/p>\r\n\t<\/div>\r\n\r\n\r\n\t<div class=\"list\">\r\n\t\t<li><img decoding=\"async\" src=\"https:\/\/www.idenxt.com\/wp-content\/uploads\/2024\/09\/f-b-icon1.png\"> <span>1. Kostnadsfri business case <\/span><\/li>\r\n\t\t<li><img decoding=\"async\" src=\"https:\/\/www.idenxt.com\/wp-content\/uploads\/2024\/09\/f-b-icon2.png\"> <span>2. Analys av IT-milj\u00f6n<\/span><\/li>\r\n\t\t<li><img decoding=\"async\" src=\"https:\/\/www.idenxt.com\/wp-content\/uploads\/2024\/09\/f-b-icon3.png\"> <span>3. Presentation av analys<\/span><\/li>\r\n\t\t<li><img decoding=\"async\" src=\"https:\/\/www.idenxt.com\/wp-content\/uploads\/2024\/09\/f-b-icon4.png\"> <span>4. Roadmap och v\u00e4gval i samr\u00e5d med kunden<\/span><\/li>\r\n\t<\/div>\r\n\r\n\r\n\t<div class=\"form\">\r\n\t\t\n<div class=\"wpcf7 no-js\" id=\"wpcf7-f1748-o1\" lang=\"en-US\" dir=\"ltr\">\n<div class=\"screen-reader-response\"><p role=\"status\" aria-live=\"polite\" aria-atomic=\"true\"><\/p> <ul><\/ul><\/div>\n<form action=\"\/sv\/wp-json\/wp\/v2\/pages\/1732#wpcf7-f1748-o1\" method=\"post\" class=\"wpcf7-form init\" aria-label=\"Contact form\" novalidate=\"novalidate\" data-status=\"init\">\n<div style=\"display: none;\">\n<input type=\"hidden\" name=\"_wpcf7\" value=\"1748\" \/>\n<input type=\"hidden\" name=\"_wpcf7_version\" value=\"5.9.5\" \/>\n<input type=\"hidden\" name=\"_wpcf7_locale\" value=\"en_US\" \/>\n<input type=\"hidden\" name=\"_wpcf7_unit_tag\" value=\"wpcf7-f1748-o1\" \/>\n<input type=\"hidden\" name=\"_wpcf7_container_post\" value=\"0\" \/>\n<input type=\"hidden\" name=\"_wpcf7_posted_data_hash\" value=\"\" \/>\n<input type=\"hidden\" name=\"_wpcf7_recaptcha_response\" value=\"\" \/>\n<\/div>\n<div class=\"f-row col-md-6\">\n                        <div class=\"field\">\n                           <span class=\"wpcf7-form-control-wrap\" data-name=\"your-name\"><input size=\"40\" class=\"wpcf7-form-control wpcf7-text wpcf7-validates-as-required\" aria-required=\"true\" aria-invalid=\"false\" placeholder=\"Name\" value=\"\" type=\"text\" name=\"your-name\" \/><\/span>\n                        <\/div>\n<\/div>\n                     <div class=\"f-row col-md-6\">\n                        <div class=\"field\">\n                           <span class=\"wpcf7-form-control-wrap\" data-name=\"email\"><input size=\"40\" class=\"wpcf7-form-control wpcf7-email wpcf7-validates-as-required wpcf7-text wpcf7-validates-as-email\" aria-required=\"true\" aria-invalid=\"false\" placeholder=\"Email\" value=\"\" type=\"email\" name=\"email\" \/><\/span>\n                        <\/div>\n                     <\/div>\n\n                     <div class=\"f-row col-md-12\">\n                        <div class=\"field\">\n                           <span class=\"wpcf7-form-control-wrap\" data-name=\"message\"><textarea cols=\"40\" rows=\"10\" class=\"wpcf7-form-control wpcf7-textarea\" aria-invalid=\"false\" placeholder=\"Message\" name=\"message\"><\/textarea><\/span>\n                        <\/div>\n                     <\/div>\n\n<div class=\"f-row col-md-12 submit\">\n<input class=\"wpcf7-form-control wpcf7-submit has-spinner green-btn\" type=\"submit\" value=\"Get a free analysis\" \/>\n<\/div><p style=\"display: none !important;\" class=\"akismet-fields-container\" data-prefix=\"_wpcf7_ak_\"><label>&#916;<textarea name=\"_wpcf7_ak_hp_textarea\" cols=\"45\" rows=\"8\" maxlength=\"100\"><\/textarea><\/label><input type=\"hidden\" id=\"ak_js_1\" name=\"_wpcf7_ak_js\" value=\"28\"\/><script>document.getElementById( \"ak_js_1\" ).setAttribute( \"value\", ( new Date() ).getTime() );<\/script><\/p><input type='hidden' class='wpcf7-pum' value='{\"closepopup\":false,\"closedelay\":0,\"openpopup\":false,\"openpopup_id\":0}' \/><div class=\"wpcf7-response-output\" aria-hidden=\"true\"><\/div>\n<\/form>\n<\/div>\n\r\n\t<\/div>\r\n\r\n<\/div><\/div><\/div><!-- \/Widget Shortcode -->[\/vc_column_text][\/vc_column][\/vc_row][\/vc_section]<\/p>\n","protected":false},"excerpt":{"rendered":"<p>[vc_row el_class=&#8221;banner row-container&#8221; css=&#8221;.vc_custom_1743423582529{background-image: url(https:\/\/www.idenxt.com\/wp-content\/uploads\/2025\/03\/idenxt-ai-protection-banner.jpg?id=1745) !important;background-position: center !important;background-repeat: no-repeat !important;background-size: cover !important;}&#8221;][vc_column css_animation=&#8221;bottom-to-top&#8221; width=&#8221;1\/2&#8243; el_class=&#8221;right-pic&#8221;][vc_single_image image=&#8221;1746&#8243; img_size=&#8221;full&#8221; alignment=&#8221;right&#8221; el_class=&#8221;m-visible&#8221;][\/vc_column][vc_column css_animation=&#8221;right-to-left&#8221; width=&#8221;1\/2&#8243; el_class=&#8221;text&#8221;][vc_column_text] En helt\u00e4ckande tj\u00e4nst f\u00f6r dina AI-system Drifta, hantera och s\u00e4kra dina AI-l\u00f6sningar med en enda, helt\u00e4ckande skyddstj\u00e4nst. [\/vc_column_text][vc_btn title=&#8221;F\u00e5 en kostnadsfri analys och ett business case&#8221; css_animation=&#8221;none&#8221; el_class=&#8221;green-btn&#8221; link=&#8221;url:%23analysisForm|title:Learn%20More||&#8221;][\/vc_column][\/vc_row][vc_section el_class=&#8221;main-content&#8221;][vc_row full_width=&#8221;stretch_row_content_no_spaces&#8221; el_class=&#8221;ban-f-bg&#8221;][vc_column css_animation=&#8221;fadeInUp&#8221;][vc_row_inner][vc_column_inner][vc_column_text &hellip;<\/p>\n<p class=\"read-more\"> <a class=\"\" href=\"https:\/\/www.idenxt.com\/sv\/ai-operations\/\"> <span class=\"screen-reader-text\">AI Operations<\/span> Read More &raquo;<\/a><\/p>\n","protected":false},"author":1,"featured_media":0,"parent":0,"menu_order":0,"comment_status":"closed","ping_status":"closed","template":"","meta":{"site-sidebar-layout":"no-sidebar","site-content-layout":"plain-container","ast-main-header-display":"","ast-hfb-above-header-display":"","ast-hfb-below-header-display":"","ast-hfb-mobile-header-display":"","site-post-title":"disabled","ast-breadcrumbs-content":"","ast-featured-img":"disabled","footer-sml-layout":"","theme-transparent-header-meta":"default","adv-header-id-meta":"","stick-header-meta":"","header-above-stick-meta":"","header-main-stick-meta":"","header-below-stick-meta":"","footnotes":""},"yoast_head":"<!-- This site is optimized with the Yoast SEO plugin v22.8 - https:\/\/yoast.com\/wordpress\/plugins\/seo\/ -->\n<title>En helt\u00e4ckande tj\u00e4nst f\u00f6r att drifta och skydda AI-system<\/title>\n<meta name=\"description\" content=\"Drifta, hantera och s\u00e4kra dina AI-l\u00f6sningar med en enda, helt\u00e4ckande skyddstj\u00e4nst.\" \/>\n<meta name=\"robots\" content=\"index, follow, max-snippet:-1, max-image-preview:large, max-video-preview:-1\" \/>\n<link rel=\"canonical\" href=\"https:\/\/www.idenxt.com\/sv\/ai-operations\/\" \/>\n<meta property=\"og:locale\" content=\"en_US\" \/>\n<meta property=\"og:type\" content=\"article\" \/>\n<meta property=\"og:title\" content=\"En helt\u00e4ckande tj\u00e4nst f\u00f6r att drifta och skydda AI-system\" \/>\n<meta property=\"og:description\" content=\"Drifta, hantera och s\u00e4kra dina AI-l\u00f6sningar med en enda, helt\u00e4ckande skyddstj\u00e4nst.\" \/>\n<meta property=\"og:url\" content=\"https:\/\/www.idenxt.com\/sv\/ai-operations\/\" \/>\n<meta property=\"og:site_name\" content=\"Idenxt\" \/>\n<meta property=\"article:modified_time\" content=\"2026-01-09T08:53:07+00:00\" \/>\n<meta property=\"og:image\" content=\"https:\/\/www.idenxt.com\/wp-content\/uploads\/2024\/09\/banner-f-bg.png\" \/>\n<meta name=\"twitter:card\" content=\"summary_large_image\" \/>\n<meta name=\"twitter:label1\" content=\"Est. reading time\" \/>\n\t<meta name=\"twitter:data1\" content=\"6 minutes\" \/>\n<!-- \/ Yoast SEO plugin. -->","yoast_head_json":{"title":"En helt\u00e4ckande tj\u00e4nst f\u00f6r att drifta och skydda AI-system","description":"Drifta, hantera och s\u00e4kra dina AI-l\u00f6sningar med en enda, helt\u00e4ckande skyddstj\u00e4nst.","robots":{"index":"index","follow":"follow","max-snippet":"max-snippet:-1","max-image-preview":"max-image-preview:large","max-video-preview":"max-video-preview:-1"},"canonical":"https:\/\/www.idenxt.com\/sv\/ai-operations\/","og_locale":"en_US","og_type":"article","og_title":"En helt\u00e4ckande tj\u00e4nst f\u00f6r att drifta och skydda AI-system","og_description":"Drifta, hantera och s\u00e4kra dina AI-l\u00f6sningar med en enda, helt\u00e4ckande skyddstj\u00e4nst.","og_url":"https:\/\/www.idenxt.com\/sv\/ai-operations\/","og_site_name":"Idenxt","article_modified_time":"2026-01-09T08:53:07+00:00","og_image":[{"url":"https:\/\/www.idenxt.com\/wp-content\/uploads\/2024\/09\/banner-f-bg.png"}],"twitter_card":"summary_large_image","twitter_misc":{"Est. reading time":"6 minutes"},"schema":{"@context":"https:\/\/schema.org","@graph":[{"@type":"WebPage","@id":"https:\/\/www.idenxt.com\/sv\/ai-operations\/","url":"https:\/\/www.idenxt.com\/sv\/ai-operations\/","name":"En helt\u00e4ckande tj\u00e4nst f\u00f6r att drifta och skydda AI-system","isPartOf":{"@id":"https:\/\/www.idenxt.com\/sv\/#website"},"primaryImageOfPage":{"@id":"https:\/\/www.idenxt.com\/sv\/ai-operations\/#primaryimage"},"image":{"@id":"https:\/\/www.idenxt.com\/sv\/ai-operations\/#primaryimage"},"thumbnailUrl":"https:\/\/www.idenxt.com\/wp-content\/uploads\/2024\/09\/banner-f-bg.png","datePublished":"2025-05-14T04:33:48+00:00","dateModified":"2026-01-09T08:53:07+00:00","description":"Drifta, hantera och s\u00e4kra dina AI-l\u00f6sningar med en enda, helt\u00e4ckande skyddstj\u00e4nst.","breadcrumb":{"@id":"https:\/\/www.idenxt.com\/sv\/ai-operations\/#breadcrumb"},"inLanguage":"en-US","potentialAction":[{"@type":"ReadAction","target":["https:\/\/www.idenxt.com\/sv\/ai-operations\/"]}]},{"@type":"ImageObject","inLanguage":"en-US","@id":"https:\/\/www.idenxt.com\/sv\/ai-operations\/#primaryimage","url":"https:\/\/www.idenxt.com\/wp-content\/uploads\/2024\/09\/banner-f-bg.png","contentUrl":"https:\/\/www.idenxt.com\/wp-content\/uploads\/2024\/09\/banner-f-bg.png"},{"@type":"BreadcrumbList","@id":"https:\/\/www.idenxt.com\/sv\/ai-operations\/#breadcrumb","itemListElement":[{"@type":"ListItem","position":1,"name":"Home","item":"https:\/\/www.idenxt.com\/sv\/"},{"@type":"ListItem","position":2,"name":"AI Operations"}]},{"@type":"WebSite","@id":"https:\/\/www.idenxt.com\/sv\/#website","url":"https:\/\/www.idenxt.com\/sv\/","name":"Idenxt","description":"","publisher":{"@id":"https:\/\/www.idenxt.com\/sv\/#organization"},"potentialAction":[{"@type":"SearchAction","target":{"@type":"EntryPoint","urlTemplate":"https:\/\/www.idenxt.com\/sv\/?s={search_term_string}"},"query-input":"required name=search_term_string"}],"inLanguage":"en-US"},{"@type":"Organization","@id":"https:\/\/www.idenxt.com\/sv\/#organization","name":"Idenxt","url":"https:\/\/www.idenxt.com\/sv\/","logo":{"@type":"ImageObject","inLanguage":"en-US","@id":"https:\/\/www.idenxt.com\/sv\/#\/schema\/logo\/image\/","url":"https:\/\/www.idenxt.com\/sv\/wp-content\/uploads\/2024\/10\/logo.png","contentUrl":"https:\/\/www.idenxt.com\/sv\/wp-content\/uploads\/2024\/10\/logo.png","width":300,"height":76,"caption":"Idenxt"},"image":{"@id":"https:\/\/www.idenxt.com\/sv\/#\/schema\/logo\/image\/"}}]}},"rttpg_featured_image_url":null,"rttpg_author":{"display_name":"admin","author_link":"https:\/\/www.idenxt.com\/sv\/author\/admin\/"},"rttpg_comment":0,"rttpg_category":null,"rttpg_excerpt":"[vc_row el_class=&#8221;banner row-container&#8221; css=&#8221;.vc_custom_1743423582529{background-image: url(https:\/\/www.idenxt.com\/wp-content\/uploads\/2025\/03\/idenxt-ai-protection-banner.jpg?id=1745) !important;background-position: center !important;background-repeat: no-repeat !important;background-size: cover !important;}&#8221;][vc_column css_animation=&#8221;bottom-to-top&#8221; width=&#8221;1\/2&#8243; el_class=&#8221;right-pic&#8221;][vc_single_image image=&#8221;1746&#8243; img_size=&#8221;full&#8221; alignment=&#8221;right&#8221; el_class=&#8221;m-visible&#8221;][\/vc_column][vc_column css_animation=&#8221;right-to-left&#8221; width=&#8221;1\/2&#8243; el_class=&#8221;text&#8221;][vc_column_text] En helt\u00e4ckande tj\u00e4nst f\u00f6r dina AI-system Drifta, hantera och s\u00e4kra dina AI-l\u00f6sningar med en enda, helt\u00e4ckande skyddstj\u00e4nst. [\/vc_column_text][vc_btn title=&#8221;F\u00e5 en kostnadsfri analys och ett business case&#8221; css_animation=&#8221;none&#8221; el_class=&#8221;green-btn&#8221; link=&#8221;url:%23analysisForm|title:Learn%20More||&#8221;][\/vc_column][\/vc_row][vc_section el_class=&#8221;main-content&#8221;][vc_row full_width=&#8221;stretch_row_content_no_spaces&#8221; el_class=&#8221;ban-f-bg&#8221;][vc_column css_animation=&#8221;fadeInUp&#8221;][vc_row_inner][vc_column_inner][vc_column_text&hellip;","_links":{"self":[{"href":"https:\/\/www.idenxt.com\/sv\/wp-json\/wp\/v2\/pages\/1732"}],"collection":[{"href":"https:\/\/www.idenxt.com\/sv\/wp-json\/wp\/v2\/pages"}],"about":[{"href":"https:\/\/www.idenxt.com\/sv\/wp-json\/wp\/v2\/types\/page"}],"author":[{"embeddable":true,"href":"https:\/\/www.idenxt.com\/sv\/wp-json\/wp\/v2\/users\/1"}],"replies":[{"embeddable":true,"href":"https:\/\/www.idenxt.com\/sv\/wp-json\/wp\/v2\/comments?post=1732"}],"version-history":[{"count":14,"href":"https:\/\/www.idenxt.com\/sv\/wp-json\/wp\/v2\/pages\/1732\/revisions"}],"predecessor-version":[{"id":1784,"href":"https:\/\/www.idenxt.com\/sv\/wp-json\/wp\/v2\/pages\/1732\/revisions\/1784"}],"wp:attachment":[{"href":"https:\/\/www.idenxt.com\/sv\/wp-json\/wp\/v2\/media?parent=1732"}],"curies":[{"name":"wp","href":"https:\/\/api.w.org\/{rel}","templated":true}]}}