{"id":1376,"date":"2024-10-11T00:19:49","date_gmt":"2024-10-11T00:19:49","guid":{"rendered":"https:\/\/www.idenxt.com\/sv\/?page_id=1376"},"modified":"2024-11-14T09:44:37","modified_gmt":"2024-11-14T09:44:37","slug":"azure-migrering","status":"publish","type":"page","link":"https:\/\/www.idenxt.com\/sv\/azure-migrering\/","title":{"rendered":"Azure Migration"},"content":{"rendered":"<p>[vc_row el_class=&#8221;banner row-container&#8221; css=&#8221;.vc_custom_1727347124212{background-image: url(https:\/\/www.idenxt.com\/wp-content\/uploads\/2024\/09\/azure-banner.jpg?id=1346) !important;background-position: center !important;background-repeat: no-repeat !important;background-size: cover !important;}&#8221;][vc_column css_animation=&#8221;bottom-to-top&#8221; width=&#8221;1\/2&#8243; el_class=&#8221;right-pic&#8221;][vc_single_image image=&#8221;1299&#8243; img_size=&#8221;full&#8221; alignment=&#8221;right&#8221; el_class=&#8221;m-visible&#8221;][\/vc_column][vc_column css_animation=&#8221;right-to-left&#8221; width=&#8221;1\/2&#8243; el_class=&#8221;text&#8221;][vc_column_text]<\/p>\n<h1><strong>Azure-migrering av kritiska applikationer: bekymmersfritt och kostnadsfritt<\/strong><\/h1>\n<p><span data-contrast=\"auto\">Migrera tryggt till Azure med ett team som \u00e4r specialiserat p\u00e5 kritisk IT-drift.<\/span><span data-ccp-props=\"{&quot;134233117&quot;:false,&quot;134233118&quot;:false,&quot;201341983&quot;:0,&quot;335551550&quot;:1,&quot;335551620&quot;:1,&quot;335559685&quot;:0,&quot;335559737&quot;:0,&quot;335559738&quot;:0,&quot;335559739&quot;:0,&quot;335559740&quot;:279}\"><br \/>\n<\/span><span data-contrast=\"auto\">Helt kostnadsfritt n\u00e4r du registrerar dig f\u00f6r <\/span><span data-contrast=\"auto\">Idenxts Verksamhetskritiska Applikationsdrift<\/span><b><span data-contrast=\"auto\">\u00a0<\/span><\/b><span data-contrast=\"auto\"> i ett \u00e5r.<\/span>[\/vc_column_text][vc_btn title=&#8221;Ans\u00f6k om en kostnadsfri Azure-migrering&#8221; css_animation=&#8221;none&#8221; el_class=&#8221;green-btn&#8221; link=&#8221;url:%23analysisForm|title:Learn%20More||&#8221;][\/vc_column][\/vc_row][vc_section el_class=&#8221;main-content&#8221;][vc_row el_class=&#8221;h-top-blocks row-container&#8221;][vc_column css_animation=&#8221;fadeInUp&#8221;][vc_row_inner el_class=&#8221;block-row&#8221;][vc_column_inner el_class=&#8221;pic&#8221; width=&#8221;5\/12&#8243;][vc_single_image image=&#8221;1303&#8243; img_size=&#8221;full&#8221; css_animation=&#8221;none&#8221;][\/vc_column_inner][vc_column_inner el_class=&#8221;text&#8221; width=&#8221;7\/12&#8243;][vc_column_text css_animation=&#8221;none&#8221;]<\/p>\n<h2 class=\"title\"><strong>N\u00e4r din Azure-migrering inte f\u00e5r misslyckas, beh\u00f6ver du en partner du kan lita p\u00e5<\/strong><\/h2>\n<p>Att migrera verksamhetskritiska applikationer till molnet \u00e4r en h\u00f6griskoperation.<\/p>\n<p>P\u00e5 Idenxt har vi specialiserat oss p\u00e5 verksamhetskritisk IT-hantering och f\u00f6rst\u00e5r vikten av en s\u00f6ml\u00f6s migreringsprocess. V\u00e5rt team av Azure-specialister tar sig tid att f\u00f6rst\u00e5 dina krav p\u00e5 djupet, utv\u00e4rdera din nuvarande infrastruktur och utveckla en skr\u00e4ddarsydd migreringsplan som minimerar st\u00f6rningar och maximerar f\u00f6rdelarna med Azure-plattformen. [\/vc_column_text][vc_single_image image=&#8221;1313&#8243; img_size=&#8221;full&#8221; css_animation=&#8221;none&#8221; el_class=&#8221;cloud-icon two&#8221;][\/vc_column_inner][\/vc_row_inner][vc_row_inner el_class=&#8221;block-row&#8221;][vc_column_inner el_class=&#8221;pic&#8221; width=&#8221;5\/12&#8243;][vc_single_image image=&#8221;1304&#8243; img_size=&#8221;full&#8221; css_animation=&#8221;none&#8221;][\/vc_column_inner][vc_column_inner el_class=&#8221;text&#8221; width=&#8221;7\/12&#8243;][vc_column_text css_animation=&#8221;none&#8221;]<\/p>\n<h2 class=\"title\">En migreringsprocess som utvecklats noggrant i decennier<\/h2>\n<p>Att migrera verksamhetskritiska applikationer till Azure kr\u00e4ver ett metodiskt och v\u00e4lplanerat tillv\u00e4gag\u00e5ngss\u00e4tt.<\/p>\n<ol class=\"numbers\">\n<li><span class=\"num\">1<\/span> Det f\u00f6rsta steget i Azure-migreringen \u00e4r att noggrant utv\u00e4rdera er nuvarande infrastruktur. Detta inneb\u00e4r en omfattande analys av dina applikationer, data och IT-milj\u00f6 f\u00f6r att identifiera eventuella beroenden, kompatibilitetsproblem eller potentiella hinder.<\/li>\n<li><span class=\"num\">2<\/span> Vi tar sedan fram en omfattande migreringsplan som beskriver de steg, tidslinjer och resurser som kr\u00e4vs f\u00f6r att s\u00f6ml\u00f6st \u00f6verf\u00f6ra dina verksamhetskritiska applikationer till Azure. Planen kommer att ta h\u00e4nsyn till dina specifika aff\u00e4rskrav, prestandabehov och efterlevnadskrav.<\/li>\n<li><span class=\"num\">3<\/span> N\u00e4r vi genomf\u00f6r migreringen kommer v\u00e5rt team att arbeta oavbrutet f\u00f6r att s\u00e4kerst\u00e4lla en smidig och s\u00f6ml\u00f6s \u00f6verg\u00e5ng. Vi hanterar alla komplexa tekniska uppgifter. Under hela processen kommer vi att uppr\u00e4tth\u00e5lla en \u00f6ppen kommunikation med regelbundna uppdateringar och l\u00f6sa eventuella problem som kan uppst\u00e5.<\/li>\n<\/ol>\n<p>[\/vc_column_text][vc_single_image image=&#8221;1314&#8243; img_size=&#8221;full&#8221; css_animation=&#8221;none&#8221; el_class=&#8221;cloud-icon three&#8221;][\/vc_column_inner][\/vc_row_inner][\/vc_column][\/vc_row][vc_row css_animation=&#8221;fadeInUp&#8221; el_class=&#8221;h-top-blocks row-container box-blocks center&#8221;][vc_column css=&#8221;.vc_custom_1650812425994{margin: 0px !important;border-width: 0px !important;padding: 0px !important;}&#8221;][vc_column_text css_animation=&#8221;none&#8221;]<\/p>\n<h2 class=\"title\" style=\"text-align: center;\">B\u00e4sta praxis f\u00f6r en Azure-migrering<\/h2>\n<p>[\/vc_column_text][vc_row_inner gap=&#8221;35&#8243; el_class=&#8221;blocks&#8221;][vc_column_inner el_class=&#8221;block&#8221; width=&#8221;1\/3&#8243;][vc_column_text css_animation=&#8221;none&#8221; el_class=&#8221;bg&#8221;]<img decoding=\"async\" src=\"https:\/\/www.idenxt.com\/wp-content\/uploads\/2024\/09\/azure-m-icon1.png\" \/><\/p>\n<h3 class=\"title\">Prioritera workloads<\/h3>\n<p>[\/vc_column_text][\/vc_column_inner][vc_column_inner el_class=&#8221;block&#8221; width=&#8221;1\/3&#8243;][vc_column_text css_animation=&#8221;none&#8221; el_class=&#8221;bg&#8221;]<img decoding=\"async\" src=\"https:\/\/www.idenxt.com\/wp-content\/uploads\/2024\/09\/azure-m-icon2.png\" \/><\/p>\n<h3 class=\"title\">G\u00f6r noggranna tester av workloads i Azure innan du g\u00e5r live<\/h3>\n<p>[\/vc_column_text][\/vc_column_inner][vc_column_inner width=&#8221;1\/3&#8243;][vc_column_text css_animation=&#8221;none&#8221; el_class=&#8221;bg&#8221;]<img decoding=\"async\" src=\"https:\/\/www.idenxt.com\/wp-content\/uploads\/2024\/09\/azure-m-icon3.png\" \/><\/p>\n<h3 class=\"title\">Tydlig intern och extern kommunikation<\/h3>\n<p>[\/vc_column_text][\/vc_column_inner][\/vc_row_inner][\/vc_column][\/vc_row][vc_row el_class=&#8221;h-top-blocks row-container&#8221;][vc_column css_animation=&#8221;fadeInUp&#8221;][vc_row_inner el_class=&#8221;block-row&#8221;][vc_column_inner el_class=&#8221;pic&#8221; width=&#8221;5\/12&#8243;][vc_single_image image=&#8221;1305&#8243; img_size=&#8221;full&#8221; css_animation=&#8221;none&#8221;][\/vc_column_inner][vc_column_inner el_class=&#8221;text&#8221; width=&#8221;7\/12&#8243;][vc_column_text css_animation=&#8221;none&#8221;]<\/p>\n<h2 class=\"title\">Efter migreringen: omfattande applikationsskydd 24&#215;7 i Azure<\/h2>\n<p>Azure \u00e4r en molntj\u00e4nst i v\u00e4rldsklass fr\u00e5n Microsoft, med djupt utvecklad funktionalitet f\u00f6r kritisk applikationsdrift. Idenxt l\u00e4gger till den expertis som kr\u00e4vs f\u00f6r att bygga en Azure-l\u00f6sning som ger maximalt skydd f\u00f6r dina applikationer.<\/p>\n<ul>\n<li>En fast, l\u00e5g m\u00e5nadskostnad d\u00e4r alla tj\u00e4nster ing\u00e5r 24x7x365: SPOC applikationssupport, Proaktiv Applikations\u00f6vervakning, Incidenthantering, Security Operations (SecOps), Configuration Management, Patch Management samt Backup och Disaster Recovery<\/li>\n<li>V\u00e4rldens f\u00f6rsta SleepWell-SLA &amp; prisgaranti p\u00e5 50% s\u00e4nkta driftkostnader<\/li>\n<li>F\u00e5 n\u00f6jda anv\u00e4ndare dygnet runt, 365 dagar om \u00e5ret med Microsofts automatiserade AI-drivna teknologi i kombination med v\u00e5ra \u00e5rtionden av expertis<\/li>\n<li><span class=\"NormalTextRun SCXW119008183 BCX0\">Kunden <\/span><span class=\"NormalTextRun SpellingErrorV2Themed SCXW119008183 BCX0\">hanterar<\/span><span class=\"NormalTextRun SCXW119008183 BCX0\"> Azure-<\/span><span class=\"NormalTextRun SpellingErrorV2Themed SCXW119008183 BCX0\">abonnemanget<\/span> <span class=\"NormalTextRun SpellingErrorV2Themed SCXW119008183 BCX0\">separat<\/span><span class=\"NormalTextRun SCXW119008183 BCX0\">, om <\/span><span class=\"NormalTextRun SpellingErrorV2Themed SCXW119008183 BCX0\">inte<\/span><span class=\"NormalTextRun SCXW119008183 BCX0\"> annat <\/span><span class=\"NormalTextRun SCXW119008183 BCX0\">avtalats<\/span><\/li>\n<\/ul>\n<p>[\/vc_column_text][vc_btn title=&#8221;L\u00e4s mer om priser och vad som ing\u00e5r&#8221; css_animation=&#8221;none&#8221; el_class=&#8221;green-btn&#8221; link=&#8221;url:https%3A%2F%2Fwww.idenxt.com%2Fsv%2Fverksamhetskritisk-applikationsdrift%2F|title:Learn%20More||&#8221;][vc_single_image image=&#8221;1314&#8243; img_size=&#8221;full&#8221; css_animation=&#8221;none&#8221; el_class=&#8221;cloud-icon three&#8221;][\/vc_column_inner][\/vc_row_inner][\/vc_column][\/vc_row][vc_row css_animation=&#8221;fadeInUp&#8221; el_class=&#8221;h-top-blocks row-container box-blocks bottom&#8221;][vc_column css=&#8221;.vc_custom_1650812425994{margin: 0px !important;border-width: 0px !important;padding: 0px !important;}&#8221;][vc_column_text css_animation=&#8221;none&#8221;]<\/p>\n<h2 class=\"title\" style=\"text-align: center;\">Varf\u00f6r Idenxt?<\/h2>\n<p>[\/vc_column_text][vc_row_inner gap=&#8221;35&#8243; el_class=&#8221;blocks&#8221;][vc_column_inner el_class=&#8221;block&#8221; width=&#8221;1\/2&#8243;][vc_column_text css_animation=&#8221;none&#8221; el_class=&#8221;bg&#8221;]<img decoding=\"async\" src=\"https:\/\/www.idenxt.com\/wp-content\/uploads\/2024\/09\/why-idenxt-icon1.png\" \/><\/p>\n<h3 class=\"title\"><strong>Ingen risk<\/strong><\/h3>\n<p>du skyddas av en f\u00f6rstklassig SLA, en prisgaranti och du kan s\u00e4ga upp din prenumeration med endast 30 dagars upps\u00e4gningstid.[\/vc_column_text][\/vc_column_inner][vc_column_inner el_class=&#8221;block&#8221; width=&#8221;1\/2&#8243;][vc_column_text css_animation=&#8221;none&#8221; el_class=&#8221;bg&#8221;]<img decoding=\"async\" src=\"https:\/\/www.idenxt.com\/wp-content\/uploads\/2024\/09\/why-idenxt-icon2.png\" \/><\/p>\n<h3 class=\"title\"><strong>Erfarenhet<\/strong><\/h3>\n<p>Idenxt grundades av den tidigare \u00e4garen av en av Skandinaviens st\u00f6rsta B2B-applikationsdriftsleverant\u00f6rer och har ett drift- och supportteam med decennier av erfarenhet.[\/vc_column_text][\/vc_column_inner][\/vc_row_inner][\/vc_column][\/vc_row][vc_row css_animation=&#8221;fadeInUp&#8221; el_class=&#8221;row-container enquiry-block&#8221;][vc_column css=&#8221;.vc_custom_1650812425994{margin: 0px !important;border-width: 0px !important;padding: 0px !important;}&#8221;][vc_column_text css_animation=&#8221;none&#8221;]<!-- Widget Shortcode --><div id=\"custom_html-12\" class=\"widget_text widget widget_custom_html widget-shortcode area-cs-12 \"><div class=\"textwidget custom-html-widget\"><div class=\"container\" id=\"analysisForm\">\r\n\t<div class=\"text\">\r\n\t\t<h2 class=\"title\" style=\"text-align: center;\">F\u00e5 en kostnadsfri Azure-migrering n\u00e4r du tecknar ett 12-m\u00e5nadersabonnemang<\/h2>\r\n\t\t<p>Idenxt erbjuder en kostnadsfri Azure-migrering n\u00e4r du v\u00e4ljer att skydda din kritiska IT med oss i ett \u00e5r.<\/p>\r\n\t<\/div>\r\n\r\n\t<div class=\"list\">\r\n\t\t<li><img decoding=\"async\" src=\"https:\/\/www.idenxt.com\/wp-content\/uploads\/2024\/09\/f-b-icon1.png\"> <span>1. Kostnadsfritt framtagande av business case<\/span><\/li>\r\n\t\t<li><img decoding=\"async\" src=\"https:\/\/www.idenxt.com\/wp-content\/uploads\/2024\/09\/f-b-icon2.png\"> <span>2. Analys av kundens milj\u00f6 <\/span><\/li>\r\n\t\t<li><img decoding=\"async\" src=\"https:\/\/www.idenxt.com\/wp-content\/uploads\/2024\/09\/f-b-icon3.png\"> <span>3. Presentation av analys <\/span><\/li>\r\n\t\t<li><img decoding=\"async\" src=\"https:\/\/www.idenxt.com\/wp-content\/uploads\/2024\/09\/f-b-icon4.png\"> <span>4. V\u00e4gval i samr\u00e5d med kunden<\/span><\/li>\r\n\t\t<li><img decoding=\"async\" src=\"https:\/\/www.idenxt.com\/wp-content\/uploads\/2024\/09\/f-b-icon5.png\"> <span>5. Kostnadfri migrering till Azure med v\u00e4rldens f\u00f6rsta SleepWell-SLA & prisgaranti p\u00e5 50% s\u00e4nkta driftkostnader<\/span><\/li>\r\n\t<\/div>\r\n\r\n\t<div class=\"form\">\r\n\t\t\n<div class=\"wpcf7 no-js\" id=\"wpcf7-f1379-o1\" lang=\"en-US\" dir=\"ltr\">\n<div class=\"screen-reader-response\"><p role=\"status\" aria-live=\"polite\" aria-atomic=\"true\"><\/p> <ul><\/ul><\/div>\n<form action=\"\/sv\/wp-json\/wp\/v2\/pages\/1376#wpcf7-f1379-o1\" method=\"post\" class=\"wpcf7-form init\" aria-label=\"Contact form\" novalidate=\"novalidate\" data-status=\"init\">\n<div style=\"display: none;\">\n<input type=\"hidden\" name=\"_wpcf7\" value=\"1379\" \/>\n<input type=\"hidden\" name=\"_wpcf7_version\" value=\"5.9.5\" \/>\n<input type=\"hidden\" name=\"_wpcf7_locale\" value=\"en_US\" \/>\n<input type=\"hidden\" name=\"_wpcf7_unit_tag\" value=\"wpcf7-f1379-o1\" \/>\n<input type=\"hidden\" name=\"_wpcf7_container_post\" value=\"0\" \/>\n<input type=\"hidden\" name=\"_wpcf7_posted_data_hash\" value=\"\" \/>\n<input type=\"hidden\" name=\"_wpcf7_recaptcha_response\" value=\"\" \/>\n<\/div>\n<div class=\"f-row col-md-6\">\n                        <div class=\"field\">\n                           <span class=\"wpcf7-form-control-wrap\" data-name=\"your-name\"><input size=\"40\" class=\"wpcf7-form-control wpcf7-text wpcf7-validates-as-required\" aria-required=\"true\" aria-invalid=\"false\" placeholder=\"Namn\" value=\"\" type=\"text\" name=\"your-name\" \/><\/span>\n                        <\/div>\n<\/div>\n                     <div class=\"f-row col-md-6\">\n                        <div class=\"field\">\n                           <span class=\"wpcf7-form-control-wrap\" data-name=\"email\"><input size=\"40\" class=\"wpcf7-form-control wpcf7-email wpcf7-validates-as-required wpcf7-text wpcf7-validates-as-email\" aria-required=\"true\" aria-invalid=\"false\" placeholder=\"Email\" value=\"\" type=\"email\" name=\"email\" \/><\/span>\n                        <\/div>\n                     <\/div>\n\n                     <div class=\"f-row col-md-12\">\n                        <div class=\"field\">\n                           <span class=\"wpcf7-form-control-wrap\" data-name=\"message\"><textarea cols=\"40\" rows=\"10\" class=\"wpcf7-form-control wpcf7-textarea\" aria-invalid=\"false\" placeholder=\"Meddelande\" name=\"message\"><\/textarea><\/span>\n                        <\/div>\n                     <\/div>\n\n<div class=\"f-row col-md-12 submit\">\n<input class=\"wpcf7-form-control wpcf7-submit has-spinner green-btn\" type=\"submit\" value=\"Ans\u00f6k om en kostnadsfri Azure-migrering\" \/>\n<\/div><p style=\"display: none !important;\" class=\"akismet-fields-container\" data-prefix=\"_wpcf7_ak_\"><label>&#916;<textarea name=\"_wpcf7_ak_hp_textarea\" cols=\"45\" rows=\"8\" maxlength=\"100\"><\/textarea><\/label><input type=\"hidden\" id=\"ak_js_1\" name=\"_wpcf7_ak_js\" value=\"172\"\/><script>document.getElementById( \"ak_js_1\" ).setAttribute( \"value\", ( new Date() ).getTime() );<\/script><\/p><input type='hidden' class='wpcf7-pum' value='{\"closepopup\":false,\"closedelay\":0,\"openpopup\":false,\"openpopup_id\":0}' \/><div class=\"wpcf7-response-output\" aria-hidden=\"true\"><\/div>\n<\/form>\n<\/div>\n\r\n\t<\/div>\r\n\r\n<\/div><\/div><\/div><!-- \/Widget Shortcode -->[\/vc_column_text][\/vc_column][\/vc_row][\/vc_section]<\/p>\n","protected":false},"excerpt":{"rendered":"<p>[vc_row el_class=&#8221;banner row-container&#8221; css=&#8221;.vc_custom_1727347124212{background-image: url(https:\/\/www.idenxt.com\/wp-content\/uploads\/2024\/09\/azure-banner.jpg?id=1346) !important;background-position: center !important;background-repeat: no-repeat !important;background-size: cover !important;}&#8221;][vc_column css_animation=&#8221;bottom-to-top&#8221; width=&#8221;1\/2&#8243; el_class=&#8221;right-pic&#8221;][vc_single_image image=&#8221;1299&#8243; img_size=&#8221;full&#8221; alignment=&#8221;right&#8221; el_class=&#8221;m-visible&#8221;][\/vc_column][vc_column css_animation=&#8221;right-to-left&#8221; width=&#8221;1\/2&#8243; el_class=&#8221;text&#8221;][vc_column_text] Azure-migrering av kritiska applikationer: bekymmersfritt och kostnadsfritt Migrera tryggt till Azure med ett team som \u00e4r specialiserat p\u00e5 kritisk IT-drift. Helt kostnadsfritt n\u00e4r du registrerar dig f\u00f6r Idenxts Verksamhetskritiska Applikationsdrift\u00a0 i ett \u00e5r.[\/vc_column_text][vc_btn &hellip;<\/p>\n<p class=\"read-more\"> <a class=\"\" href=\"https:\/\/www.idenxt.com\/sv\/azure-migrering\/\"> <span class=\"screen-reader-text\">Azure Migration<\/span> Read More &raquo;<\/a><\/p>\n","protected":false},"author":1,"featured_media":0,"parent":0,"menu_order":0,"comment_status":"closed","ping_status":"closed","template":"","meta":{"site-sidebar-layout":"no-sidebar","site-content-layout":"plain-container","ast-main-header-display":"","ast-hfb-above-header-display":"","ast-hfb-below-header-display":"","ast-hfb-mobile-header-display":"","site-post-title":"disabled","ast-breadcrumbs-content":"","ast-featured-img":"disabled","footer-sml-layout":"","theme-transparent-header-meta":"default","adv-header-id-meta":"","stick-header-meta":"","header-above-stick-meta":"","header-main-stick-meta":"","header-below-stick-meta":"","footnotes":""},"yoast_head":"<!-- This site is optimized with the Yoast SEO plugin v22.8 - https:\/\/yoast.com\/wordpress\/plugins\/seo\/ -->\n<title>Kostnadsfri Azure-migrering av kritiska applikationer<\/title>\n<meta name=\"description\" content=\"Migrera tryggt till Azure med ett team som \u00e4r specialiserat p\u00e5 kritisk IT-drift. Helt kostnadsfritt n\u00e4r du registrerar dig f\u00f6r v\u00e5ra tj\u00e4nster i ett \u00e5r.\" \/>\n<meta name=\"robots\" content=\"index, follow, max-snippet:-1, max-image-preview:large, max-video-preview:-1\" \/>\n<link rel=\"canonical\" href=\"https:\/\/www.idenxt.com\/sv\/azure-migrering\/\" \/>\n<meta property=\"og:locale\" content=\"en_US\" \/>\n<meta property=\"og:type\" content=\"article\" \/>\n<meta property=\"og:title\" content=\"Kostnadsfri Azure-migrering av kritiska applikationer\" \/>\n<meta property=\"og:description\" content=\"Migrera tryggt till Azure med ett team som \u00e4r specialiserat p\u00e5 kritisk IT-drift. Helt kostnadsfritt n\u00e4r du registrerar dig f\u00f6r v\u00e5ra tj\u00e4nster i ett \u00e5r.\" \/>\n<meta property=\"og:url\" content=\"https:\/\/www.idenxt.com\/sv\/azure-migrering\/\" \/>\n<meta property=\"og:site_name\" content=\"Idenxt\" \/>\n<meta property=\"article:modified_time\" content=\"2024-11-14T09:44:37+00:00\" \/>\n<meta property=\"og:image\" content=\"https:\/\/www.idenxt.com\/wp-content\/uploads\/2024\/09\/azure-m-icon1.png\" \/>\n<meta name=\"twitter:card\" content=\"summary_large_image\" \/>\n<meta name=\"twitter:label1\" content=\"Est. reading time\" \/>\n\t<meta name=\"twitter:data1\" content=\"4 minutes\" \/>\n<!-- \/ Yoast SEO plugin. -->","yoast_head_json":{"title":"Kostnadsfri Azure-migrering av kritiska applikationer","description":"Migrera tryggt till Azure med ett team som \u00e4r specialiserat p\u00e5 kritisk IT-drift. Helt kostnadsfritt n\u00e4r du registrerar dig f\u00f6r v\u00e5ra tj\u00e4nster i ett \u00e5r.","robots":{"index":"index","follow":"follow","max-snippet":"max-snippet:-1","max-image-preview":"max-image-preview:large","max-video-preview":"max-video-preview:-1"},"canonical":"https:\/\/www.idenxt.com\/sv\/azure-migrering\/","og_locale":"en_US","og_type":"article","og_title":"Kostnadsfri Azure-migrering av kritiska applikationer","og_description":"Migrera tryggt till Azure med ett team som \u00e4r specialiserat p\u00e5 kritisk IT-drift. Helt kostnadsfritt n\u00e4r du registrerar dig f\u00f6r v\u00e5ra tj\u00e4nster i ett \u00e5r.","og_url":"https:\/\/www.idenxt.com\/sv\/azure-migrering\/","og_site_name":"Idenxt","article_modified_time":"2024-11-14T09:44:37+00:00","og_image":[{"url":"https:\/\/www.idenxt.com\/wp-content\/uploads\/2024\/09\/azure-m-icon1.png"}],"twitter_card":"summary_large_image","twitter_misc":{"Est. reading time":"4 minutes"},"schema":{"@context":"https:\/\/schema.org","@graph":[{"@type":"WebPage","@id":"https:\/\/www.idenxt.com\/sv\/azure-migrering\/","url":"https:\/\/www.idenxt.com\/sv\/azure-migrering\/","name":"Kostnadsfri Azure-migrering av kritiska applikationer","isPartOf":{"@id":"https:\/\/www.idenxt.com\/sv\/#website"},"primaryImageOfPage":{"@id":"https:\/\/www.idenxt.com\/sv\/azure-migrering\/#primaryimage"},"image":{"@id":"https:\/\/www.idenxt.com\/sv\/azure-migrering\/#primaryimage"},"thumbnailUrl":"https:\/\/www.idenxt.com\/wp-content\/uploads\/2024\/09\/azure-m-icon1.png","datePublished":"2024-10-11T00:19:49+00:00","dateModified":"2024-11-14T09:44:37+00:00","description":"Migrera tryggt till Azure med ett team som \u00e4r specialiserat p\u00e5 kritisk IT-drift. Helt kostnadsfritt n\u00e4r du registrerar dig f\u00f6r v\u00e5ra tj\u00e4nster i ett \u00e5r.","breadcrumb":{"@id":"https:\/\/www.idenxt.com\/sv\/azure-migrering\/#breadcrumb"},"inLanguage":"en-US","potentialAction":[{"@type":"ReadAction","target":["https:\/\/www.idenxt.com\/sv\/azure-migrering\/"]}]},{"@type":"ImageObject","inLanguage":"en-US","@id":"https:\/\/www.idenxt.com\/sv\/azure-migrering\/#primaryimage","url":"https:\/\/www.idenxt.com\/wp-content\/uploads\/2024\/09\/azure-m-icon1.png","contentUrl":"https:\/\/www.idenxt.com\/wp-content\/uploads\/2024\/09\/azure-m-icon1.png"},{"@type":"BreadcrumbList","@id":"https:\/\/www.idenxt.com\/sv\/azure-migrering\/#breadcrumb","itemListElement":[{"@type":"ListItem","position":1,"name":"Home","item":"https:\/\/www.idenxt.com\/sv\/"},{"@type":"ListItem","position":2,"name":"Azure Migration"}]},{"@type":"WebSite","@id":"https:\/\/www.idenxt.com\/sv\/#website","url":"https:\/\/www.idenxt.com\/sv\/","name":"Idenxt","description":"","publisher":{"@id":"https:\/\/www.idenxt.com\/sv\/#organization"},"potentialAction":[{"@type":"SearchAction","target":{"@type":"EntryPoint","urlTemplate":"https:\/\/www.idenxt.com\/sv\/?s={search_term_string}"},"query-input":"required name=search_term_string"}],"inLanguage":"en-US"},{"@type":"Organization","@id":"https:\/\/www.idenxt.com\/sv\/#organization","name":"Idenxt","url":"https:\/\/www.idenxt.com\/sv\/","logo":{"@type":"ImageObject","inLanguage":"en-US","@id":"https:\/\/www.idenxt.com\/sv\/#\/schema\/logo\/image\/","url":"https:\/\/www.idenxt.com\/sv\/wp-content\/uploads\/2024\/10\/logo.png","contentUrl":"https:\/\/www.idenxt.com\/sv\/wp-content\/uploads\/2024\/10\/logo.png","width":300,"height":76,"caption":"Idenxt"},"image":{"@id":"https:\/\/www.idenxt.com\/sv\/#\/schema\/logo\/image\/"}}]}},"rttpg_featured_image_url":null,"rttpg_author":{"display_name":"admin","author_link":"https:\/\/www.idenxt.com\/sv\/author\/admin\/"},"rttpg_comment":0,"rttpg_category":null,"rttpg_excerpt":"[vc_row el_class=&#8221;banner row-container&#8221; css=&#8221;.vc_custom_1727347124212{background-image: url(https:\/\/www.idenxt.com\/wp-content\/uploads\/2024\/09\/azure-banner.jpg?id=1346) !important;background-position: center !important;background-repeat: no-repeat !important;background-size: cover !important;}&#8221;][vc_column css_animation=&#8221;bottom-to-top&#8221; width=&#8221;1\/2&#8243; el_class=&#8221;right-pic&#8221;][vc_single_image image=&#8221;1299&#8243; img_size=&#8221;full&#8221; alignment=&#8221;right&#8221; el_class=&#8221;m-visible&#8221;][\/vc_column][vc_column css_animation=&#8221;right-to-left&#8221; width=&#8221;1\/2&#8243; el_class=&#8221;text&#8221;][vc_column_text] Azure-migrering av kritiska applikationer: bekymmersfritt och kostnadsfritt Migrera tryggt till Azure med ett team som \u00e4r specialiserat p\u00e5 kritisk IT-drift. Helt kostnadsfritt n\u00e4r du registrerar dig f\u00f6r Idenxts Verksamhetskritiska Applikationsdrift\u00a0 i ett \u00e5r.[\/vc_column_text][vc_btn&hellip;","_links":{"self":[{"href":"https:\/\/www.idenxt.com\/sv\/wp-json\/wp\/v2\/pages\/1376"}],"collection":[{"href":"https:\/\/www.idenxt.com\/sv\/wp-json\/wp\/v2\/pages"}],"about":[{"href":"https:\/\/www.idenxt.com\/sv\/wp-json\/wp\/v2\/types\/page"}],"author":[{"embeddable":true,"href":"https:\/\/www.idenxt.com\/sv\/wp-json\/wp\/v2\/users\/1"}],"replies":[{"embeddable":true,"href":"https:\/\/www.idenxt.com\/sv\/wp-json\/wp\/v2\/comments?post=1376"}],"version-history":[{"count":11,"href":"https:\/\/www.idenxt.com\/sv\/wp-json\/wp\/v2\/pages\/1376\/revisions"}],"predecessor-version":[{"id":1423,"href":"https:\/\/www.idenxt.com\/sv\/wp-json\/wp\/v2\/pages\/1376\/revisions\/1423"}],"wp:attachment":[{"href":"https:\/\/www.idenxt.com\/sv\/wp-json\/wp\/v2\/media?parent=1376"}],"curies":[{"name":"wp","href":"https:\/\/api.w.org\/{rel}","templated":true}]}}